{"id":619,"date":"2022-12-28T18:09:15","date_gmt":"2022-12-28T17:09:15","guid":{"rendered":"https:\/\/www.as-ugine.fr\/?page_id=619"},"modified":"2023-09-07T14:58:57","modified_gmt":"2023-09-07T12:58:57","slug":"organigramme","status":"publish","type":"page","link":"https:\/\/www.as-ugine.fr\/index.php\/organigramme\/","title":{"rendered":"Organigramme associatif"},"content":{"rendered":"<div class=\"tmm tmm_membres-des-commissions-as-ugine-football\"><div class=\"tmm_5_columns tmm_wrap tmm_plugin_f\"><span class=\"tmm_two_containers_tablet\"><\/span><div class=\"tmm_container\"><div class=\"tmm_member\" style=\"border-top:#dd3333 solid 5px;\"><div class=\"tmm_photo tmm_pic_membres-des-commissions-as-ugine-football_0\" style=\"background: url(https:\/\/www.as-ugine.fr\/wp-content\/uploads\/2023\/03\/DomGaugueAsUgineFootball.jpg); margin-left: auto; margin-right:auto; background-size:cover !important;\"><\/div><div class=\"tmm_textblock\"><div class=\"tmm_names\"><span class=\"tmm_fname\">Dominique<\/span> <span class=\"tmm_lname\">GAUGU\u00c9<\/span><\/div><div class=\"tmm_job\">Pr\u00e9sident<\/div><div class=\"tmm_desc\" style=\"text-align:\"><p>Associatif<\/p><\/div><div class=\"tmm_scblock\"><\/div><\/div><\/div><div class=\"tmm_member\" style=\"border-top:#dd3333 solid 5px;\"><div class=\"tmm_photo tmm_pic_membres-des-commissions-as-ugine-football_1\" style=\"background: url(https:\/\/www.as-ugine.fr\/wp-content\/uploads\/2023\/03\/FranckDesbourdesAsUgineFootball-1.jpg); margin-left: auto; margin-right:auto; background-size:cover !important;\"><\/div><div class=\"tmm_textblock\"><div class=\"tmm_names\"><span class=\"tmm_fname\">Franck<\/span> <span class=\"tmm_lname\">DESBOURDES<\/span><\/div><div class=\"tmm_job\">Copr\u00e9sident<\/div><div class=\"tmm_desc\" style=\"text-align:\"><p>Sportif<\/p><\/div><div class=\"tmm_scblock\"><\/div><\/div><\/div><span class=\"tmm_two_containers_tablet\"><\/span><div class=\"tmm_member\" style=\"border-top:#dd3333 solid 5px;\"><div class=\"tmm_photo tmm_pic_membres-des-commissions-as-ugine-football_2\" style=\"background: url(https:\/\/www.as-ugine.fr\/wp-content\/uploads\/2023\/03\/DavidBauDirigeant.jpg); margin-left: auto; margin-right:auto; background-size:cover !important;\"><\/div><div class=\"tmm_textblock\"><div class=\"tmm_names\"><span class=\"tmm_fname\">David<\/span> <span class=\"tmm_lname\">BAU<\/span><\/div><div class=\"tmm_job\">Vice-pr\u00e9sident<\/div><div class=\"tmm_desc\" style=\"text-align:\"><p>\u00c9quipements<\/p><\/div><div class=\"tmm_scblock\"><\/div><\/div><\/div><div class=\"tmm_member\" style=\"border-top:#dd3333 solid 5px;\"><div class=\"tmm_photo tmm_pic_membres-des-commissions-as-ugine-football_3\" style=\"background: url(https:\/\/www.as-ugine.fr\/wp-content\/uploads\/2023\/03\/JeanSilvestriniAsUgineFootball-1.jpg); margin-left: auto; margin-right:auto; background-size:cover !important;\"><\/div><div class=\"tmm_textblock\"><div class=\"tmm_names\"><span class=\"tmm_fname\">Jean<\/span> <span class=\"tmm_lname\">SILVESTRINI<\/span><\/div><div class=\"tmm_job\">Vice-pr\u00e9sident<\/div><div class=\"tmm_desc\" style=\"text-align:\"><p>Festivit\u00e9s<\/p><\/div><div class=\"tmm_scblock\"><\/div><\/div><\/div><span class=\"tmm_two_containers_tablet\"><\/span><div class=\"tmm_member\" style=\"border-top:#dd3333 solid 5px;\"><div class=\"tmm_photo tmm_pic_membres-des-commissions-as-ugine-football_4\" style=\"background: url(https:\/\/www.as-ugine.fr\/wp-content\/uploads\/2023\/03\/visuel-a-venir.png); margin-left: auto; margin-right:auto; background-size:cover !important;\"><\/div><div class=\"tmm_textblock\"><div class=\"tmm_names\"><span class=\"tmm_fname\">Isabelle<\/span> <span class=\"tmm_lname\">MUGNIER-BAJAT<\/span><\/div><div class=\"tmm_job\">Tr\u00e9sori\u00e8re<\/div><div class=\"tmm_scblock\"><\/div><\/div><\/div><\/div><span class=\"tmm_columns_containers_desktop\"><\/span><div class=\"tmm_container\"><div class=\"tmm_member\" style=\"border-top:#dd3333 solid 5px;\"><div class=\"tmm_photo tmm_pic_membres-des-commissions-as-ugine-football_5\" style=\"background: url(https:\/\/www.as-ugine.fr\/wp-content\/uploads\/2023\/03\/visuel-a-venir.png); margin-left: auto; margin-right:auto; background-size:cover !important;\"><\/div><div class=\"tmm_textblock\"><div class=\"tmm_names\"><span class=\"tmm_fname\">Corinne<\/span> <span class=\"tmm_lname\">MIRANDA<\/span><\/div><div class=\"tmm_job\">Secr\u00e9taire<\/div><div class=\"tmm_scblock\"><\/div><\/div><\/div><span class=\"tmm_two_containers_tablet\"><\/span><div class=\"tmm_member\" style=\"border-top:#dd3333 solid 5px;\"><div class=\"tmm_photo tmm_pic_membres-des-commissions-as-ugine-football_6\" style=\"background: url(https:\/\/www.as-ugine.fr\/wp-content\/uploads\/2023\/03\/PhilippePerrierAsUgineFootball-1.jpg); margin-left: auto; margin-right:auto; background-size:cover !important;\"><\/div><div class=\"tmm_textblock\"><div class=\"tmm_names\"><span class=\"tmm_fname\">Philippe<\/span> <span class=\"tmm_lname\">PERRIER<\/span><\/div><div class=\"tmm_job\">R\u00e9f\u00e9rent Festivit\u00e9s Associatives<\/div><div class=\"tmm_scblock\"><\/div><\/div><\/div><div class=\"tmm_member\" style=\"border-top:#dd3333 solid 5px;\"><div class=\"tmm_photo tmm_pic_membres-des-commissions-as-ugine-football_7\" style=\"background: url(https:\/\/www.as-ugine.fr\/wp-content\/uploads\/2023\/03\/visuel-a-venir.png); margin-left: auto; margin-right:auto; background-size:cover !important;\"><\/div><div class=\"tmm_textblock\"><div class=\"tmm_names\"><span class=\"tmm_fname\">Mathieu<\/span> <span class=\"tmm_lname\">LIRZIN<\/span><\/div><div class=\"tmm_job\">R\u00e9f\u00e9rent Festivit\u00e9s Associatives<\/div><div class=\"tmm_scblock\"><\/div><\/div><\/div><span class=\"tmm_two_containers_tablet\"><\/span><div class=\"tmm_member\" style=\"border-top:#dd3333 solid 5px;\"><div class=\"tmm_photo tmm_pic_membres-des-commissions-as-ugine-football_8\" style=\"background: url(https:\/\/www.as-ugine.fr\/wp-content\/uploads\/2023\/03\/visuel-a-venir.png); margin-left: auto; margin-right:auto; background-size:cover !important;\"><\/div><div class=\"tmm_textblock\"><div class=\"tmm_names\"><span class=\"tmm_fname\">Mathieu<\/span> <span class=\"tmm_lname\">LIRZIN<\/span><\/div><div class=\"tmm_job\">R\u00e9f\u00e9rent Festivit\u00e9s Sportives<\/div><div class=\"tmm_scblock\"><\/div><\/div><\/div><div class=\"tmm_member\" style=\"border-top:#dd3333 solid 5px;\"><div class=\"tmm_photo tmm_pic_membres-des-commissions-as-ugine-football_9\" style=\"background: url(https:\/\/www.as-ugine.fr\/wp-content\/uploads\/2023\/03\/FranckDesbourdesAsUgineFootball-1.jpg); margin-left: auto; margin-right:auto; background-size:cover !important;\"><\/div><div class=\"tmm_textblock\"><div class=\"tmm_names\"><span class=\"tmm_fname\">Franck<\/span> <span class=\"tmm_lname\">DESBOURDES<\/span><\/div><div class=\"tmm_job\">R\u00e9f\u00e9rent Communication Partenariat<\/div><div class=\"tmm_scblock\"><\/div><\/div><\/div><span class=\"tmm_two_containers_tablet\"><\/span><\/div><span class=\"tmm_columns_containers_desktop\"><\/span><div class=\"tmm_container\"><div class=\"tmm_member\" style=\"border-top:#dd3333 solid 5px;\"><div class=\"tmm_photo tmm_pic_membres-des-commissions-as-ugine-football_10\" style=\"background: url(https:\/\/www.as-ugine.fr\/wp-content\/uploads\/2023\/03\/DavidBauDirigeant.jpg); margin-left: auto; margin-right:auto; background-size:cover !important;\"><\/div><div class=\"tmm_textblock\"><div class=\"tmm_names\"><span class=\"tmm_fname\">David<\/span> <span class=\"tmm_lname\">BAU<\/span><\/div><div class=\"tmm_job\">R\u00e9f\u00e9rent \u00c9quipement et mat\u00e9rie<\/div><div class=\"tmm_scblock\"><\/div><\/div><\/div><div class=\"tmm_member\" style=\"border-top:#dd3333 solid 5px;\"><div class=\"tmm_photo tmm_pic_membres-des-commissions-as-ugine-football_11\" style=\"background: url(https:\/\/www.as-ugine.fr\/wp-content\/uploads\/2023\/03\/DavidPoletti.png); margin-left: auto; margin-right:auto; background-size:cover !important;\"><\/div><div class=\"tmm_textblock\"><div class=\"tmm_names\"><span class=\"tmm_fname\">David<\/span> <span class=\"tmm_lname\">POLETTI<\/span><\/div><div class=\"tmm_job\">R\u00e9f\u00e9rent \u00c9quipements et Mat\u00e9riels<\/div><div class=\"tmm_scblock\"><\/div><\/div><\/div><span class=\"tmm_two_containers_tablet\"><\/span><div class=\"tmm_member\" style=\"border-top:#dd3333 solid 5px;\"><div class=\"tmm_photo tmm_pic_membres-des-commissions-as-ugine-football_12\" style=\"background: url(https:\/\/www.as-ugine.fr\/wp-content\/uploads\/2023\/03\/PierreAlainBureau.png); margin-left: auto; margin-right:auto; background-size:cover !important;\"><\/div><div class=\"tmm_textblock\"><div class=\"tmm_names\"><span class=\"tmm_fname\">Pierre Alain<\/span> <span class=\"tmm_lname\">BUREAU<\/span><\/div><div class=\"tmm_job\">R\u00e9f\u00e9rent Officiels et D\u00e9l\u00e9gu\u00e9s<\/div><div class=\"tmm_scblock\"><\/div><\/div><\/div><div class=\"tmm_member\" style=\"border-top:#dd3333 solid 5px;\"><div class=\"tmm_photo tmm_pic_membres-des-commissions-as-ugine-football_13\" style=\"background: url(https:\/\/www.as-ugine.fr\/wp-content\/uploads\/2023\/03\/visuel-a-venir.png); margin-left: auto; margin-right:auto; background-size:cover !important;\"><\/div><div class=\"tmm_textblock\"><div class=\"tmm_names\"><span class=\"tmm_fname\">Angy<\/span> <span class=\"tmm_lname\">MURAZ-T\u00c9TAZ<\/span><\/div><div class=\"tmm_job\">R\u00e9f\u00e9rent Officiels et D\u00e9l\u00e9gu\u00e9s<\/div><div class=\"tmm_scblock\"><\/div><\/div><\/div><span class=\"tmm_two_containers_tablet\"><\/span><div class=\"tmm_member\" style=\"border-top:#dd3333 solid 5px;\"><div class=\"tmm_photo tmm_pic_membres-des-commissions-as-ugine-football_14\" style=\"background: url(https:\/\/www.as-ugine.fr\/wp-content\/uploads\/2023\/03\/visuel-a-venir.png); margin-left: auto; margin-right:auto; background-size:cover !important;\"><\/div><div class=\"tmm_textblock\"><div class=\"tmm_names\"><span class=\"tmm_fname\">Marie-h\u00e9l\u00e8ne<\/span> <span class=\"tmm_lname\">DESBOURDES<\/span><\/div><div class=\"tmm_job\">R\u00e9f\u00e9rente \u00c9thique<\/div><div class=\"tmm_scblock\"><\/div><\/div><\/div><\/div><span class=\"tmm_columns_containers_desktop\"><\/span><div class=\"tmm_container\"><div class=\"tmm_member\" style=\"border-top:#dd3333 solid 5px;\"><div class=\"tmm_photo tmm_pic_membres-des-commissions-as-ugine-football_15\" style=\"background: url(https:\/\/www.as-ugine.fr\/wp-content\/uploads\/2023\/03\/visuel-a-venir.png); margin-left: auto; margin-right:auto; background-size:cover !important;\"><\/div><div class=\"tmm_textblock\"><div class=\"tmm_names\"><span class=\"tmm_fname\">Attila<\/span> <span class=\"tmm_lname\">SARACOGLU<\/span><\/div><div class=\"tmm_job\">R\u00e9f\u00e9rent \u00c9thique<\/div><div class=\"tmm_scblock\"><\/div><\/div><\/div><span class=\"tmm_two_containers_tablet\"><\/span><div class=\"tmm_member\" style=\"border-top:#dd3333 solid 5px;\"><div class=\"tmm_photo tmm_pic_membres-des-commissions-as-ugine-football_16\" style=\"background: url(https:\/\/www.as-ugine.fr\/wp-content\/uploads\/2023\/03\/visuel-a-venir.png); margin-left: auto; margin-right:auto; background-size:cover !important;\"><\/div><div class=\"tmm_textblock\"><div class=\"tmm_names\"><span class=\"tmm_fname\">Rachel<\/span> <span class=\"tmm_lname\">PERRIER<\/span><\/div><div class=\"tmm_job\">R\u00e9f\u00e9rent \u00c9thique<\/div><div class=\"tmm_scblock\"><\/div><\/div><\/div><div class=\"tmm_member\" style=\"border-top:#dd3333 solid 5px;\"><div class=\"tmm_photo tmm_pic_membres-des-commissions-as-ugine-football_17\" style=\"background: url(https:\/\/www.as-ugine.fr\/wp-content\/uploads\/2023\/03\/visuel-a-venir.png); margin-left: auto; margin-right:auto; background-size:cover !important;\"><\/div><div class=\"tmm_textblock\"><div class=\"tmm_names\"><span class=\"tmm_fname\">Attila<\/span> <span class=\"tmm_lname\">SARACOGLU<\/span><\/div><div class=\"tmm_job\">R\u00e9f\u00e9rent Joueurs S\u00e9niors<\/div><div class=\"tmm_scblock\"><\/div><\/div><\/div><span class=\"tmm_two_containers_tablet\"><\/span><div class=\"tmm_member\" style=\"border-top:#dd3333 solid 5px;\"><div class=\"tmm_photo tmm_pic_membres-des-commissions-as-ugine-football_18\" style=\"background: url(https:\/\/www.as-ugine.fr\/wp-content\/uploads\/2023\/03\/JacquesLathuileAsUgineFootball-2.jpg); margin-left: auto; margin-right:auto; background-size:cover !important;\"><\/div><div class=\"tmm_textblock\"><div class=\"tmm_names\"><span class=\"tmm_fname\">Jacques<\/span> <span class=\"tmm_lname\">LATHUILE<\/span><\/div><div class=\"tmm_job\">R\u00e9f\u00e9rent District<\/div><div class=\"tmm_scblock\"><\/div><\/div><\/div><div class=\"tmm_member\" style=\"border-top:#dd3333 solid 5px;\"><div class=\"tmm_photo tmm_pic_membres-des-commissions-as-ugine-football_19\" style=\"background: url(https:\/\/www.as-ugine.fr\/wp-content\/uploads\/2023\/03\/PhilippePerrierAsUgineFootball-1.jpg); margin-left: auto; margin-right:auto; background-size:cover !important;\"><\/div><div class=\"tmm_textblock\"><div class=\"tmm_names\"><span class=\"tmm_fname\">Philippe<\/span> <span class=\"tmm_lname\">PERRIER<\/span><\/div><div class=\"tmm_job\">R\u00e9f\u00e9rent V\u00e9t\u00e9rans<\/div><div class=\"tmm_scblock\"><\/div><\/div><\/div><span class=\"tmm_two_containers_tablet\"><\/span><\/div><span class=\"tmm_columns_containers_desktop\"><\/span><div class=\"tmm_container\"><div class=\"tmm_member\" style=\"border-top:#dd3333 solid 5px;\"><div class=\"tmm_photo tmm_pic_membres-des-commissions-as-ugine-football_20\" style=\"background: url(https:\/\/www.as-ugine.fr\/wp-content\/uploads\/2023\/03\/DomGaugueAsUgineFootball.jpg); margin-left: auto; margin-right:auto; background-size:cover !important;\"><\/div><div class=\"tmm_textblock\"><div class=\"tmm_names\"><span class=\"tmm_fname\">Dominique<\/span> <span class=\"tmm_lname\">GAUGU\u00c9<\/span><\/div><div class=\"tmm_job\">R\u00e9f\u00e9rent OMCS<\/div><div class=\"tmm_scblock\"><\/div><\/div><\/div><div class=\"tmm_member\" style=\"border-top:#dd3333 solid 5px;\"><div class=\"tmm_photo tmm_pic_membres-des-commissions-as-ugine-football_21\" style=\"background: url(https:\/\/www.as-ugine.fr\/wp-content\/uploads\/2023\/03\/visuel-a-venir.png); margin-left: auto; margin-right:auto; background-size:cover !important;\"><\/div><div class=\"tmm_textblock\"><div class=\"tmm_names\"><span class=\"tmm_fname\">Conchita<\/span> <span class=\"tmm_lname\">MASEORO<\/span><\/div><div class=\"tmm_job\">R\u00e9f\u00e9rent P\u00f4le F\u00e9minin<\/div><div class=\"tmm_scblock\"><\/div><\/div><\/div><span class=\"tmm_two_containers_tablet\"><\/span><div class=\"tmm_member\" style=\"border-top:#dd3333 solid 5px;\"><div class=\"tmm_photo tmm_pic_membres-des-commissions-as-ugine-football_22\" style=\"background: url(https:\/\/www.as-ugine.fr\/wp-content\/uploads\/2023\/03\/PatriceAmprimoAsUgineFootball.jpg); margin-left: auto; margin-right:auto; background-size:cover !important;\"><\/div><div class=\"tmm_textblock\"><div class=\"tmm_names\"><span class=\"tmm_fname\">Patrice<\/span> <span class=\"tmm_lname\">AMPRIMO<\/span><\/div><div class=\"tmm_job\">R\u00e9f\u00e9rent \u00c9ducateurs<\/div><div class=\"tmm_scblock\"><\/div><\/div><\/div><div class=\"tmm_member\" style=\"border-top:#dd3333 solid 5px;\"><div class=\"tmm_photo tmm_pic_membres-des-commissions-as-ugine-football_23\" style=\"background: url(https:\/\/www.as-ugine.fr\/wp-content\/uploads\/2023\/03\/NicolasPorroEducateur.jpg); margin-left: auto; margin-right:auto; background-size:cover !important;\"><\/div><div class=\"tmm_textblock\"><div class=\"tmm_names\"><span class=\"tmm_fname\">Nicolas<\/span> <span class=\"tmm_lname\">PORRO<\/span><\/div><div class=\"tmm_job\">R\u00e9f\u00e9rent \u00c9ducateurs<\/div><div class=\"tmm_scblock\"><\/div><\/div><\/div><span class=\"tmm_two_containers_tablet\"><\/span><div class=\"tmm_member\" style=\"border-top:#dd3333 solid 5px;\"><div class=\"tmm_photo tmm_pic_membres-des-commissions-as-ugine-football_24\" style=\"background: url(https:\/\/www.as-ugine.fr\/wp-content\/uploads\/2024\/12\/Illias-Mouille.jpg); margin-left: auto; margin-right:auto; background-size:cover !important;\"><\/div><div class=\"tmm_textblock\"><div class=\"tmm_names\"><span class=\"tmm_fname\">Illias<\/span> <span class=\"tmm_lname\">MOUILL\u00c9<\/span><\/div><div class=\"tmm_job\">R\u00e9f\u00e9rent \u00c9ducateurs<\/div><div class=\"tmm_scblock\"><\/div><\/div><\/div><\/div><span class=\"tmm_columns_containers_desktop\"><\/span><div class=\"tmm_container\"><div class=\"tmm_member\" style=\"border-top:#dd3333 solid 5px;\"><div class=\"tmm_photo tmm_pic_membres-des-commissions-as-ugine-football_25\" style=\"background: url(https:\/\/www.as-ugine.fr\/wp-content\/uploads\/2024\/12\/Baptiste-Carnis.jpg); margin-left: auto; margin-right:auto; background-size:cover !important;\"><\/div><div class=\"tmm_textblock\"><div class=\"tmm_names\"><span class=\"tmm_fname\">Baptiste<\/span> <span class=\"tmm_lname\">CARNIS<\/span><\/div><div class=\"tmm_job\">R\u00e9f\u00e9rent \u00c9ducateurs<\/div><div class=\"tmm_scblock\"><\/div><\/div><\/div><div style=\"clear:both;\"><\/div><\/div><\/div><\/div>\n","protected":false},"excerpt":{"rendered":"","protected":false},"author":3,"featured_media":0,"parent":0,"menu_order":0,"comment_status":"closed","ping_status":"closed","template":"","meta":{"footnotes":""},"categories":[],"tags":[],"class_list":["post-619","page","type-page","status-publish","hentry","latest_post"],"_links":{"self":[{"href":"https:\/\/www.as-ugine.fr\/index.php\/wp-json\/wp\/v2\/pages\/619","targetHints":{"allow":["GET"]}}],"collection":[{"href":"https:\/\/www.as-ugine.fr\/index.php\/wp-json\/wp\/v2\/pages"}],"about":[{"href":"https:\/\/www.as-ugine.fr\/index.php\/wp-json\/wp\/v2\/types\/page"}],"author":[{"embeddable":true,"href":"https:\/\/www.as-ugine.fr\/index.php\/wp-json\/wp\/v2\/users\/3"}],"replies":[{"embeddable":true,"href":"https:\/\/www.as-ugine.fr\/index.php\/wp-json\/wp\/v2\/comments?post=619"}],"version-history":[{"count":11,"href":"https:\/\/www.as-ugine.fr\/index.php\/wp-json\/wp\/v2\/pages\/619\/revisions"}],"predecessor-version":[{"id":1708,"href":"https:\/\/www.as-ugine.fr\/index.php\/wp-json\/wp\/v2\/pages\/619\/revisions\/1708"}],"wp:attachment":[{"href":"https:\/\/www.as-ugine.fr\/index.php\/wp-json\/wp\/v2\/media?parent=619"}],"wp:term":[{"taxonomy":"category","embeddable":true,"href":"https:\/\/www.as-ugine.fr\/index.php\/wp-json\/wp\/v2\/categories?post=619"},{"taxonomy":"post_tag","embeddable":true,"href":"https:\/\/www.as-ugine.fr\/index.php\/wp-json\/wp\/v2\/tags?post=619"}],"curies":[{"name":"wp","href":"https:\/\/api.w.org\/{rel}","templated":true}]}}