{"id":2358,"date":"2025-02-12T20:30:39","date_gmt":"2025-02-12T19:30:39","guid":{"rendered":"https:\/\/www.as-ugine.fr\/?page_id=2358"},"modified":"2025-02-23T19:18:39","modified_gmt":"2025-02-23T18:18:39","slug":"actions-pef-programme-deducation-federal","status":"publish","type":"page","link":"https:\/\/www.as-ugine.fr\/index.php\/actions-pef-programme-deducation-federal\/","title":{"rendered":"Actions PEF (Programme \u00e9ducatif f\u00e9d\u00e9ral)"},"content":{"rendered":"\n<h3 class=\"wp-block-heading has-text-align-center\"><a href=\"https:\/\/www.as-ugine.fr\/index.php\/lexique-du-football\/\"><em>Lexique du football<\/em><\/a><\/h3>\n\n\n<div class=\"wp-block-image\">\n<figure class=\"aligncenter size-medium\"><a href=\"https:\/\/www.as-ugine.fr\/index.php\/lexique-du-football\/\"><img loading=\"lazy\" decoding=\"async\" width=\"300\" height=\"150\" src=\"https:\/\/www.as-ugine.fr\/wp-content\/uploads\/2025\/02\/BandeauVocabulaire-300x150.jpg\" alt=\"Bandeau Vocabulaire du football as ugine\" class=\"wp-image-2453\" srcset=\"https:\/\/www.as-ugine.fr\/wp-content\/uploads\/2025\/02\/BandeauVocabulaire-300x150.jpg 300w, https:\/\/www.as-ugine.fr\/wp-content\/uploads\/2025\/02\/BandeauVocabulaire-150x75.jpg 150w, https:\/\/www.as-ugine.fr\/wp-content\/uploads\/2025\/02\/BandeauVocabulaire-120x60.jpg 120w, https:\/\/www.as-ugine.fr\/wp-content\/uploads\/2025\/02\/BandeauVocabulaire.jpg 640w\" sizes=\"auto, (max-width: 300px) 100vw, 300px\" \/><\/a><\/figure>\n<\/div>\n\n\n<h3 class=\"wp-block-heading has-text-align-center has-vivid-red-color has-text-color has-link-color wp-elements-253b68bc679c881c43fd13a26b506d22\"><a href=\"https:\/\/www.as-ugine.fr\/index.php\/le-sac-du-footballeur\/\"><em>Pr\u00e9parer son sac de football<\/em><\/a><\/h3>\n\n\n<div class=\"wp-block-image\">\n<figure class=\"aligncenter size-full is-resized\"><a href=\"https:\/\/www.as-ugine.fr\/index.php\/le-sac-du-footballeur\/\"><img loading=\"lazy\" decoding=\"async\" width=\"1024\" height=\"576\" src=\"https:\/\/www.as-ugine.fr\/wp-content\/uploads\/2025\/02\/SupportPresentationPEF.jpg\" alt=\"pr\u00e9sentation du contenu du sac de football - as ugine football\" class=\"wp-image-2355\" style=\"width:302px\" srcset=\"https:\/\/www.as-ugine.fr\/wp-content\/uploads\/2025\/02\/SupportPresentationPEF.jpg 1024w, https:\/\/www.as-ugine.fr\/wp-content\/uploads\/2025\/02\/SupportPresentationPEF-300x169.jpg 300w, https:\/\/www.as-ugine.fr\/wp-content\/uploads\/2025\/02\/SupportPresentationPEF-150x84.jpg 150w, https:\/\/www.as-ugine.fr\/wp-content\/uploads\/2025\/02\/SupportPresentationPEF-768x432.jpg 768w, https:\/\/www.as-ugine.fr\/wp-content\/uploads\/2025\/02\/SupportPresentationPEF-107x60.jpg 107w, https:\/\/www.as-ugine.fr\/wp-content\/uploads\/2025\/02\/SupportPresentationPEF-840x473.jpg 840w\" sizes=\"auto, (max-width: 1024px) 100vw, 1024px\" \/><\/a><\/figure>\n<\/div>\n\n\n<p><\/p>\n","protected":false},"excerpt":{"rendered":"<p>Lexique du football Pr\u00e9parer son sac de football<\/p>\n","protected":false},"author":5,"featured_media":0,"parent":0,"menu_order":0,"comment_status":"closed","ping_status":"closed","template":"","meta":{"footnotes":""},"categories":[],"tags":[],"class_list":["post-2358","page","type-page","status-publish","hentry","latest_post"],"_links":{"self":[{"href":"https:\/\/www.as-ugine.fr\/index.php\/wp-json\/wp\/v2\/pages\/2358","targetHints":{"allow":["GET"]}}],"collection":[{"href":"https:\/\/www.as-ugine.fr\/index.php\/wp-json\/wp\/v2\/pages"}],"about":[{"href":"https:\/\/www.as-ugine.fr\/index.php\/wp-json\/wp\/v2\/types\/page"}],"author":[{"embeddable":true,"href":"https:\/\/www.as-ugine.fr\/index.php\/wp-json\/wp\/v2\/users\/5"}],"replies":[{"embeddable":true,"href":"https:\/\/www.as-ugine.fr\/index.php\/wp-json\/wp\/v2\/comments?post=2358"}],"version-history":[{"count":5,"href":"https:\/\/www.as-ugine.fr\/index.php\/wp-json\/wp\/v2\/pages\/2358\/revisions"}],"predecessor-version":[{"id":2455,"href":"https:\/\/www.as-ugine.fr\/index.php\/wp-json\/wp\/v2\/pages\/2358\/revisions\/2455"}],"wp:attachment":[{"href":"https:\/\/www.as-ugine.fr\/index.php\/wp-json\/wp\/v2\/media?parent=2358"}],"wp:term":[{"taxonomy":"category","embeddable":true,"href":"https:\/\/www.as-ugine.fr\/index.php\/wp-json\/wp\/v2\/categories?post=2358"},{"taxonomy":"post_tag","embeddable":true,"href":"https:\/\/www.as-ugine.fr\/index.php\/wp-json\/wp\/v2\/tags?post=2358"}],"curies":[{"name":"wp","href":"https:\/\/api.w.org\/{rel}","templated":true}]}}