{"id":216,"date":"2022-03-18T15:17:51","date_gmt":"2022-03-18T14:17:51","guid":{"rendered":"https:\/\/www.as-ugine.fr\/?page_id=216"},"modified":"2023-07-29T19:25:19","modified_gmt":"2023-07-29T17:25:19","slug":"le-club","status":"publish","type":"page","link":"https:\/\/www.as-ugine.fr\/index.php\/le-club\/","title":{"rendered":"Le club"},"content":{"rendered":"\n<p class=\"has-medium-font-size\">L&rsquo;Association Sportive d&rsquo;Ugine Football (AS Ugine Football) est un club de football fran\u00e7ais bas\u00e9 \u00e0 Ugine, une commune situ\u00e9e dans le d\u00e9partement de la Savoie en r\u00e9gion Auvergne-Rh\u00f4ne-Alpes, au pied du mont Charvin, premier sommet de la cha\u00eene des Aravis. Le club a \u00e9t\u00e9 fond\u00e9 en 1938 et \u00e9volue actuellement en D\u00e9partemental 2, qui est le sixi\u00e8me niveau du football fran\u00e7ais.<\/p>\n\n\n\n<div class=\"wp-block-group alignwide\"><div class=\"wp-block-group__inner-container is-layout-constrained wp-block-group-is-layout-constrained\">\n<div class=\"wp-block-media-text alignwide has-media-on-the-right is-stacked-on-mobile\" style=\"grid-template-columns:auto 25%\"><div class=\"wp-block-media-text__content\">\n<p class=\"has-medium-font-size\">Le club propose \u00e9galement des activit\u00e9s pour tous, avec des \u00e9quipes de jeunes dans toutes les cat\u00e9gories d&rsquo;\u00e2ge, ainsi qu&rsquo;un p\u00f4le f\u00e9minin comprenant une \u00e9quipe s\u00e9nior f\u00e9minine et une \u00e9quipe U15 f\u00e9minine.<\/p>\n<\/div><figure class=\"wp-block-media-text__media\"><img loading=\"lazy\" decoding=\"async\" width=\"909\" height=\"682\" src=\"https:\/\/www.as-ugine.fr\/wp-content\/uploads\/2023\/03\/MatchValleeduguiers040323-909x682.jpg\" alt=\"U15 f\u00e9minines ASugine football 22\/23\" class=\"wp-image-1228 size-full\" srcset=\"https:\/\/www.as-ugine.fr\/wp-content\/uploads\/2023\/03\/MatchValleeduguiers040323-909x682.jpg 909w, https:\/\/www.as-ugine.fr\/wp-content\/uploads\/2023\/03\/MatchValleeduguiers040323-267x200.jpg 267w, https:\/\/www.as-ugine.fr\/wp-content\/uploads\/2023\/03\/MatchValleeduguiers040323-150x113.jpg 150w, https:\/\/www.as-ugine.fr\/wp-content\/uploads\/2023\/03\/MatchValleeduguiers040323-768x576.jpg 768w, https:\/\/www.as-ugine.fr\/wp-content\/uploads\/2023\/03\/MatchValleeduguiers040323-1536x1152.jpg 1536w, https:\/\/www.as-ugine.fr\/wp-content\/uploads\/2023\/03\/MatchValleeduguiers040323-2048x1536.jpg 2048w, https:\/\/www.as-ugine.fr\/wp-content\/uploads\/2023\/03\/MatchValleeduguiers040323-80x60.jpg 80w\" sizes=\"auto, (max-width: 909px) 100vw, 909px\" \/><\/figure><\/div>\n<\/div><\/div>\n\n\n\n<div class=\"wp-block-group alignwide\"><div class=\"wp-block-group__inner-container is-layout-constrained wp-block-group-is-layout-constrained\">\n<div class=\"wp-block-media-text alignwide is-stacked-on-mobile\" style=\"grid-template-columns:25% auto\"><figure class=\"wp-block-media-text__media\"><img loading=\"lazy\" decoding=\"async\" width=\"1600\" height=\"1200\" src=\"https:\/\/www.as-ugine.fr\/wp-content\/uploads\/2023\/03\/PEF2903235.jpg\" alt=\"\" class=\"wp-image-1462 size-full\" srcset=\"https:\/\/www.as-ugine.fr\/wp-content\/uploads\/2023\/03\/PEF2903235.jpg 1600w, https:\/\/www.as-ugine.fr\/wp-content\/uploads\/2023\/03\/PEF2903235-267x200.jpg 267w, https:\/\/www.as-ugine.fr\/wp-content\/uploads\/2023\/03\/PEF2903235-909x682.jpg 909w, https:\/\/www.as-ugine.fr\/wp-content\/uploads\/2023\/03\/PEF2903235-150x113.jpg 150w, https:\/\/www.as-ugine.fr\/wp-content\/uploads\/2023\/03\/PEF2903235-768x576.jpg 768w, https:\/\/www.as-ugine.fr\/wp-content\/uploads\/2023\/03\/PEF2903235-1536x1152.jpg 1536w, https:\/\/www.as-ugine.fr\/wp-content\/uploads\/2023\/03\/PEF2903235-80x60.jpg 80w\" sizes=\"auto, (max-width: 1600px) 100vw, 1600px\" \/><\/figure><div class=\"wp-block-media-text__content\">\n<p class=\"has-medium-font-size\">L&rsquo;AS Ugine Football est \u00e9galement connue pour son engagement envers la formation des jeunes joueurs de football. Le club poss\u00e8de une \u00e9cole de football, qui propose une formation de qualit\u00e9 pour les enfants d\u00e8s l&rsquo;\u00e2ge de six ans.<\/p>\n<\/div><\/div>\n<\/div><\/div>\n\n\n\n<div class=\"wp-block-group alignwide\"><div class=\"wp-block-group__inner-container is-layout-constrained wp-block-group-is-layout-constrained\">\n<div class=\"wp-block-media-text alignwide has-media-on-the-right is-stacked-on-mobile\" style=\"grid-template-columns:auto 25%\"><div class=\"wp-block-media-text__content\">\n<p class=\"has-medium-font-size\">L&rsquo;AS Ugine Football est un club \u00e0 but non lucratif, g\u00e9r\u00e9 par des b\u00e9n\u00e9voles d\u00e9vou\u00e9s qui travaillent dur pour faire en sorte que le club reste viable et prosp\u00e8re.<\/p>\n<\/div><figure class=\"wp-block-media-text__media\"><img loading=\"lazy\" decoding=\"async\" width=\"960\" height=\"720\" src=\"https:\/\/www.as-ugine.fr\/wp-content\/uploads\/2022\/03\/275451775_1293466867812548_2815748477125523312_n.jpg\" alt=\"collecte pour l'ukraine\" class=\"wp-image-116 size-full\" srcset=\"https:\/\/www.as-ugine.fr\/wp-content\/uploads\/2022\/03\/275451775_1293466867812548_2815748477125523312_n.jpg 960w, https:\/\/www.as-ugine.fr\/wp-content\/uploads\/2022\/03\/275451775_1293466867812548_2815748477125523312_n-300x225.jpg 300w, https:\/\/www.as-ugine.fr\/wp-content\/uploads\/2022\/03\/275451775_1293466867812548_2815748477125523312_n-768x576.jpg 768w\" sizes=\"auto, (max-width: 960px) 100vw, 960px\" \/><\/figure><\/div>\n<\/div><\/div>\n\n\n\n<p class=\"has-medium-font-size\">L&rsquo;AS Ugine Football a \u00e9galement une forte culture de la camaraderie et de l&rsquo;esprit d&rsquo;\u00e9quipe, qui se refl\u00e8te dans ses valeurs fondamentales. Le club est connu pour son atmosph\u00e8re conviviale et accueillante, ce qui en fait un lieu de rassemblement pour les passionn\u00e9s de football de tous \u00e2ges et de tous horizons au pied du mont Charvin, premier sommet de la cha\u00eene des Aravis.<\/p>\n\n\n\n<p class=\"has-medium-font-size\">L&rsquo;AS Ugine Football est \u00e9galement tr\u00e8s active sur les r\u00e9seaux sociaux, o\u00f9 elle publie r\u00e9guli\u00e8rement des mises \u00e0 jour sur les r\u00e9sultats de ses \u00e9quipes et les activit\u00e9s du club.<\/p>\n\n\n\n<div class=\"wp-block-group alignwide\"><div class=\"wp-block-group__inner-container is-layout-constrained wp-block-group-is-layout-constrained\">\n<div class=\"wp-block-media-text alignwide is-stacked-on-mobile\" style=\"grid-template-columns:18% auto\"><figure class=\"wp-block-media-text__media\"><img loading=\"lazy\" decoding=\"async\" width=\"512\" height=\"682\" src=\"https:\/\/www.as-ugine.fr\/wp-content\/uploads\/2023\/04\/Ballons-512x682.png\" alt=\"\" class=\"wp-image-1519 size-full\" srcset=\"https:\/\/www.as-ugine.fr\/wp-content\/uploads\/2023\/04\/Ballons-512x682.png 512w, https:\/\/www.as-ugine.fr\/wp-content\/uploads\/2023\/04\/Ballons-150x200.png 150w, https:\/\/www.as-ugine.fr\/wp-content\/uploads\/2023\/04\/Ballons-113x150.png 113w, https:\/\/www.as-ugine.fr\/wp-content\/uploads\/2023\/04\/Ballons-45x60.png 45w, https:\/\/www.as-ugine.fr\/wp-content\/uploads\/2023\/04\/Ballons.png 720w\" sizes=\"auto, (max-width: 512px) 100vw, 512px\" \/><\/figure><div class=\"wp-block-media-text__content\">\n<p class=\"has-medium-font-size\">L&rsquo;AS Ugine Football est un club de football qui a une longue histoire dans la r\u00e9gion et qui continue d&rsquo;\u00eatre un \u00e9l\u00e9ment important de la communaut\u00e9 locale.<\/p>\n<\/div><\/div>\n<\/div><\/div>\n\n\n<p><style>\/*! elementor - v3.5.6 - 28-02-2022 *\/<br \/>\n.elementor-widget-google_maps .elementor-widget-container{overflow:hidden}.elementor-widget-google_maps iframe{height:300px}<\/style>\n<\/p>\n<p><iframe title=\"AS Ugine Football\" src=\"https:\/\/maps.google.com\/maps?q=AS%20Ugine%20Football&amp;t=m&amp;z=16&amp;output=embed&amp;iwloc=near\" frameborder=\"0\" marginwidth=\"0\" marginheight=\"0\" scrolling=\"no\" aria-label=\"AS Ugine Football\"><\/iframe><\/p>","protected":false},"excerpt":{"rendered":"<p>L&rsquo;Association Sportive d&rsquo;Ugine Football (AS Ugine Football) est un club de football fran\u00e7ais bas\u00e9 \u00e0 Ugine, une commune situ\u00e9e dans le d\u00e9partement de la Savoie &hellip; <\/p>\n","protected":false},"author":1,"featured_media":0,"parent":0,"menu_order":0,"comment_status":"closed","ping_status":"closed","template":"","meta":{"footnotes":""},"categories":[],"tags":[],"class_list":["post-216","page","type-page","status-publish","hentry","latest_post"],"_links":{"self":[{"href":"https:\/\/www.as-ugine.fr\/index.php\/wp-json\/wp\/v2\/pages\/216","targetHints":{"allow":["GET"]}}],"collection":[{"href":"https:\/\/www.as-ugine.fr\/index.php\/wp-json\/wp\/v2\/pages"}],"about":[{"href":"https:\/\/www.as-ugine.fr\/index.php\/wp-json\/wp\/v2\/types\/page"}],"author":[{"embeddable":true,"href":"https:\/\/www.as-ugine.fr\/index.php\/wp-json\/wp\/v2\/users\/1"}],"replies":[{"embeddable":true,"href":"https:\/\/www.as-ugine.fr\/index.php\/wp-json\/wp\/v2\/comments?post=216"}],"version-history":[{"count":17,"href":"https:\/\/www.as-ugine.fr\/index.php\/wp-json\/wp\/v2\/pages\/216\/revisions"}],"predecessor-version":[{"id":1664,"href":"https:\/\/www.as-ugine.fr\/index.php\/wp-json\/wp\/v2\/pages\/216\/revisions\/1664"}],"wp:attachment":[{"href":"https:\/\/www.as-ugine.fr\/index.php\/wp-json\/wp\/v2\/media?parent=216"}],"wp:term":[{"taxonomy":"category","embeddable":true,"href":"https:\/\/www.as-ugine.fr\/index.php\/wp-json\/wp\/v2\/categories?post=216"},{"taxonomy":"post_tag","embeddable":true,"href":"https:\/\/www.as-ugine.fr\/index.php\/wp-json\/wp\/v2\/tags?post=216"}],"curies":[{"name":"wp","href":"https:\/\/api.w.org\/{rel}","templated":true}]}}