{"id":209,"date":"2022-03-18T15:15:44","date_gmt":"2022-03-18T14:15:44","guid":{"rendered":"https:\/\/www.as-ugine.fr\/?page_id=209"},"modified":"2026-03-16T17:23:13","modified_gmt":"2026-03-16T16:23:13","slug":"nos-equipes","status":"publish","type":"page","link":"https:\/\/www.as-ugine.fr\/index.php\/nos-equipes\/","title":{"rendered":"Nos \u00e9quipes"},"content":{"rendered":"\n<p>Le club de l&rsquo;AS Ugine comprend 9 cat\u00e9gories pour 11 \u00e9quipes de football depuis les tout-petits baby-ballon jusqu&rsquo;aux v\u00e9t\u00e9rans.<\/p>\n\n\n\n<figure class=\"wp-block-gallery has-nested-images columns-6 is-cropped wp-block-gallery-1 is-layout-flex wp-block-gallery-is-layout-flex\">\n<figure class=\"wp-block-image size-full\"><a href=\"https:\/\/www.as-ugine.fr\/index.php\/seniors\/\"><img loading=\"lazy\" decoding=\"async\" width=\"480\" height=\"410\" data-id=\"2161\" src=\"https:\/\/www.as-ugine.fr\/wp-content\/uploads\/2024\/09\/SeniorsVsNivolet210924-vignette.jpg\" alt=\"\" class=\"wp-image-2161\" srcset=\"https:\/\/www.as-ugine.fr\/wp-content\/uploads\/2024\/09\/SeniorsVsNivolet210924-vignette.jpg 480w, https:\/\/www.as-ugine.fr\/wp-content\/uploads\/2024\/09\/SeniorsVsNivolet210924-vignette-234x200.jpg 234w, https:\/\/www.as-ugine.fr\/wp-content\/uploads\/2024\/09\/SeniorsVsNivolet210924-vignette-150x128.jpg 150w, https:\/\/www.as-ugine.fr\/wp-content\/uploads\/2024\/09\/SeniorsVsNivolet210924-vignette-70x60.jpg 70w\" sizes=\"auto, (max-width: 480px) 100vw, 480px\" \/><\/a><\/figure>\n\n\n\n<figure class=\"wp-block-image size-large\"><a href=\"https:\/\/www.as-ugine.fr\/index.php\/veterans\/\"><img loading=\"lazy\" decoding=\"async\" width=\"969\" height=\"682\" data-id=\"1421\" src=\"https:\/\/www.as-ugine.fr\/wp-content\/uploads\/2023\/03\/Lien-veterans-969x682.jpg\" alt=\"\" class=\"wp-image-1421\" srcset=\"https:\/\/www.as-ugine.fr\/wp-content\/uploads\/2023\/03\/Lien-veterans-969x682.jpg 969w, https:\/\/www.as-ugine.fr\/wp-content\/uploads\/2023\/03\/Lien-veterans-284x200.jpg 284w, https:\/\/www.as-ugine.fr\/wp-content\/uploads\/2023\/03\/Lien-veterans-150x106.jpg 150w, https:\/\/www.as-ugine.fr\/wp-content\/uploads\/2023\/03\/Lien-veterans-768x541.jpg 768w, https:\/\/www.as-ugine.fr\/wp-content\/uploads\/2023\/03\/Lien-veterans-85x60.jpg 85w, https:\/\/www.as-ugine.fr\/wp-content\/uploads\/2023\/03\/Lien-veterans.jpg 1024w\" sizes=\"auto, (max-width: 969px) 100vw, 969px\" \/><\/a><\/figure>\n<\/figure>\n\n\n\n<figure class=\"wp-block-gallery has-nested-images columns-6 is-cropped wp-block-gallery-2 is-layout-flex wp-block-gallery-is-layout-flex\">\n<figure class=\"wp-block-image size-full\"><a href=\"https:\/\/www.as-ugine.fr\/index.php\/u13\/\"><img loading=\"lazy\" decoding=\"async\" width=\"480\" height=\"360\" data-id=\"2166\" src=\"https:\/\/www.as-ugine.fr\/wp-content\/uploads\/2024\/09\/IMG20240905181218-vignette-1.jpg\" alt=\"\" class=\"wp-image-2166\" srcset=\"https:\/\/www.as-ugine.fr\/wp-content\/uploads\/2024\/09\/IMG20240905181218-vignette-1.jpg 480w, https:\/\/www.as-ugine.fr\/wp-content\/uploads\/2024\/09\/IMG20240905181218-vignette-1-267x200.jpg 267w, https:\/\/www.as-ugine.fr\/wp-content\/uploads\/2024\/09\/IMG20240905181218-vignette-1-150x113.jpg 150w, https:\/\/www.as-ugine.fr\/wp-content\/uploads\/2024\/09\/IMG20240905181218-vignette-1-80x60.jpg 80w\" sizes=\"auto, (max-width: 480px) 100vw, 480px\" \/><\/a><\/figure>\n\n\n\n<figure class=\"wp-block-image size-full is-style-default\"><a href=\"https:\/\/www.as-ugine.fr\/index.php\/u11\/\"><img loading=\"lazy\" decoding=\"async\" width=\"480\" height=\"320\" data-id=\"2169\" src=\"https:\/\/www.as-ugine.fr\/wp-content\/uploads\/2024\/09\/IMGP0302-vignette.jpg\" alt=\"\" class=\"wp-image-2169\" srcset=\"https:\/\/www.as-ugine.fr\/wp-content\/uploads\/2024\/09\/IMGP0302-vignette.jpg 480w, https:\/\/www.as-ugine.fr\/wp-content\/uploads\/2024\/09\/IMGP0302-vignette-300x200.jpg 300w, https:\/\/www.as-ugine.fr\/wp-content\/uploads\/2024\/09\/IMGP0302-vignette-150x100.jpg 150w, https:\/\/www.as-ugine.fr\/wp-content\/uploads\/2024\/09\/IMGP0302-vignette-90x60.jpg 90w, https:\/\/www.as-ugine.fr\/wp-content\/uploads\/2024\/09\/IMGP0302-vignette-420x280.jpg 420w\" sizes=\"auto, (max-width: 480px) 100vw, 480px\" \/><\/a><\/figure>\n\n\n\n<figure class=\"wp-block-image size-full\"><a href=\"https:\/\/www.as-ugine.fr\/index.php\/u9\/\"><img loading=\"lazy\" decoding=\"async\" width=\"1024\" height=\"721\" data-id=\"1417\" src=\"https:\/\/www.as-ugine.fr\/wp-content\/uploads\/2023\/03\/Lien-U9.jpg\" alt=\"\" class=\"wp-image-1417\" srcset=\"https:\/\/www.as-ugine.fr\/wp-content\/uploads\/2023\/03\/Lien-U9.jpg 1024w, https:\/\/www.as-ugine.fr\/wp-content\/uploads\/2023\/03\/Lien-U9-284x200.jpg 284w, https:\/\/www.as-ugine.fr\/wp-content\/uploads\/2023\/03\/Lien-U9-969x682.jpg 969w, https:\/\/www.as-ugine.fr\/wp-content\/uploads\/2023\/03\/Lien-U9-150x106.jpg 150w, https:\/\/www.as-ugine.fr\/wp-content\/uploads\/2023\/03\/Lien-U9-768x541.jpg 768w, https:\/\/www.as-ugine.fr\/wp-content\/uploads\/2023\/03\/Lien-U9-85x60.jpg 85w\" sizes=\"auto, (max-width: 1024px) 100vw, 1024px\" \/><\/a><\/figure>\n\n\n\n<figure class=\"wp-block-image size-large\"><a href=\"https:\/\/www.as-ugine.fr\/index.php\/u7\/\"><img loading=\"lazy\" decoding=\"async\" width=\"969\" height=\"682\" data-id=\"1430\" src=\"https:\/\/www.as-ugine.fr\/wp-content\/uploads\/2023\/03\/Lien-U7-969x682.jpg\" alt=\"\" class=\"wp-image-1430\" srcset=\"https:\/\/www.as-ugine.fr\/wp-content\/uploads\/2023\/03\/Lien-U7-969x682.jpg 969w, https:\/\/www.as-ugine.fr\/wp-content\/uploads\/2023\/03\/Lien-U7-284x200.jpg 284w, https:\/\/www.as-ugine.fr\/wp-content\/uploads\/2023\/03\/Lien-U7-150x106.jpg 150w, https:\/\/www.as-ugine.fr\/wp-content\/uploads\/2023\/03\/Lien-U7-768x541.jpg 768w, https:\/\/www.as-ugine.fr\/wp-content\/uploads\/2023\/03\/Lien-U7-85x60.jpg 85w, https:\/\/www.as-ugine.fr\/wp-content\/uploads\/2023\/03\/Lien-U7.jpg 1024w\" sizes=\"auto, (max-width: 969px) 100vw, 969px\" \/><\/a><\/figure>\n<\/figure>\n","protected":false},"excerpt":{"rendered":"<p>Le club de l&rsquo;AS Ugine comprend 9 cat\u00e9gories pour 11 \u00e9quipes de football depuis les tout-petits baby-ballon jusqu&rsquo;aux v\u00e9t\u00e9rans.<\/p>\n","protected":false},"author":1,"featured_media":0,"parent":0,"menu_order":0,"comment_status":"closed","ping_status":"closed","template":"","meta":{"footnotes":""},"categories":[],"tags":[],"class_list":["post-209","page","type-page","status-publish","hentry","latest_post"],"_links":{"self":[{"href":"https:\/\/www.as-ugine.fr\/index.php\/wp-json\/wp\/v2\/pages\/209","targetHints":{"allow":["GET"]}}],"collection":[{"href":"https:\/\/www.as-ugine.fr\/index.php\/wp-json\/wp\/v2\/pages"}],"about":[{"href":"https:\/\/www.as-ugine.fr\/index.php\/wp-json\/wp\/v2\/types\/page"}],"author":[{"embeddable":true,"href":"https:\/\/www.as-ugine.fr\/index.php\/wp-json\/wp\/v2\/users\/1"}],"replies":[{"embeddable":true,"href":"https:\/\/www.as-ugine.fr\/index.php\/wp-json\/wp\/v2\/comments?post=209"}],"version-history":[{"count":32,"href":"https:\/\/www.as-ugine.fr\/index.php\/wp-json\/wp\/v2\/pages\/209\/revisions"}],"predecessor-version":[{"id":2611,"href":"https:\/\/www.as-ugine.fr\/index.php\/wp-json\/wp\/v2\/pages\/209\/revisions\/2611"}],"wp:attachment":[{"href":"https:\/\/www.as-ugine.fr\/index.php\/wp-json\/wp\/v2\/media?parent=209"}],"wp:term":[{"taxonomy":"category","embeddable":true,"href":"https:\/\/www.as-ugine.fr\/index.php\/wp-json\/wp\/v2\/categories?post=209"},{"taxonomy":"post_tag","embeddable":true,"href":"https:\/\/www.as-ugine.fr\/index.php\/wp-json\/wp\/v2\/tags?post=209"}],"curies":[{"name":"wp","href":"https:\/\/api.w.org\/{rel}","templated":true}]}}