{"id":1307,"date":"2023-03-20T19:14:19","date_gmt":"2023-03-20T18:14:19","guid":{"rendered":"https:\/\/www.as-ugine.fr\/?page_id=1307"},"modified":"2023-10-28T15:28:56","modified_gmt":"2023-10-28T13:28:56","slug":"charte-ethique-et-discipline","status":"publish","type":"page","link":"https:\/\/www.as-ugine.fr\/index.php\/charte-ethique-et-discipline\/","title":{"rendered":"MISSIONS ET FONCTIONNEMENT DE LA COMMISSION ETHIQUE"},"content":{"rendered":"\n<h2 class=\"wp-block-heading has-medium-font-size\">1- Missions<\/h2>\n\n\n\n<ul class=\"wp-block-list\">\n<li>Promouvoir l&rsquo;esprit sportif en faisant partager aux acteurs et partenaires du club les valeurs de notre sport telles que le respect des r\u00e8gles, le civisme, le sens du collectif, le fair-play, la non-violence, mais aussi en consid\u00e9rant la pratique sportive comme l&rsquo;apprentissage de la vie en soci\u00e9t\u00e9.<\/li>\n<\/ul>\n\n\n\n<h2 class=\"wp-block-heading has-medium-font-size\">2- Objectifs<\/h2>\n\n\n\n<ul class=\"wp-block-list\">\n<li>Etablir la charte \u00e9thique et la diffuser au sein du club et aupr\u00e8s de ces partenaires.<\/li>\n\n\n\n<li>Intervenir en cas de non respect aupr\u00e8s des acteurs et partenaires par un rappel aux valeurs fondamentales du football.<\/li>\n\n\n\n<li>En cas de comportement \u00e0 l&rsquo;encontre de ces valeurs, r\u00e9unir la commission \u00e9thique qui prendra les sanctions n\u00e9cessaires.<\/li>\n<\/ul>\n\n\n\n<h2 class=\"wp-block-heading has-medium-font-size\">3- Composition<\/h2>\n\n\n\n<h3 class=\"wp-block-heading has-medium-font-size\">R\u00e9f\u00e9rents aupr\u00e8s du comit\u00e9 d&rsquo;administration:<\/h3>\n\n\n\n<ul class=\"wp-block-list\">\n<li>Dominique GAUGUE (d\u00e9l\u00e9gu\u00e9 et joueur v\u00e9t\u00e9ran) Membres :<\/li>\n\n\n\n<li>Rachel PERRIER (d\u00e9l\u00e9gu\u00e9e)<\/li>\n\n\n\n<li>Pierre-Yves PIZARD (joueur s\u00e9nior)<\/li>\n\n\n\n<li>R\u00e9mi Thifinau (d\u00e9l\u00e9gu\u00e9 et joueur v\u00e9t\u00e9ran)<\/li>\n<\/ul>\n\n\n\n<h2 class=\"wp-block-heading has-medium-font-size\">4- Fonctionnement de la commission pour les sanction<\/h2>\n\n\n\n<p>La commission \u00e9thique a pour r\u00f4le de traiter les diff\u00e9rents ayant eu lieu pendant et autour des rencontres sportives \u00e0 domicile ou \u00e0 l&rsquo;ext\u00e9rieur, des entrainements, de toutes les manifestations organis\u00e9es par le club et pour tout comportement entra\u00eenant une image n\u00e9gative du club. Elle est saisie suite aux rapports de l&rsquo;arbitre, d&rsquo;un d\u00e9l\u00e9gu\u00e9 de rencontre, d&rsquo;un dirigeant, d&rsquo;un \u00e9ducateur, d&rsquo;un parent, d&rsquo;un spectateur ou de toutes personnes constatant un manquement \u00e0 la politique \u00e9thique du club.<\/p>\n\n\n\n<p>Dans ce cas :<\/p>\n\n\n\n<ul class=\"wp-block-list\">\n<li>La (ou les) personne(s) concern\u00e9e(s) sont convoqu\u00e9e(s) dans les plus brefs d\u00e9lais par courrier, mail ou t\u00e9l\u00e9phone. Pour les personnes mineures, les repr\u00e9sentants l\u00e9gaux devront \u00eatre pr\u00e9sents.<\/li>\n\n\n\n<li>En cas d&#8217;emp\u00eachement, il convient de pr\u00e9venir le r\u00e9f\u00e9rent de la commission ou la secr\u00e9taire du club pour fixer une autre date.<\/li>\n\n\n\n<li>La personne convoqu\u00e9e est entendue dans un esprit constructif et peut apporter toutes preuves qu&rsquo;elle juge utiles.<\/li>\n\n\n\n<li>La commission d\u00e9cide d&rsquo;entendre si elle le d\u00e9sire les t\u00e9moins et\/ou les rapporteurs.<\/li>\n\n\n\n<li>La commission d\u00e9lib\u00e8re \u00e0 huit clos, hors de la pr\u00e9sence de l&rsquo;int\u00e9ress\u00e9 et prend une d\u00e9cision au cours de la r\u00e9union en s&rsquo;appuyant sur la liste des sanctions possibles et les r\u00e9cidives<\/li>\n\n\n\n<li>D\u00e8s qu&rsquo;elle aura d\u00e9lib\u00e9r\u00e9e, la commission avertit la personne concern\u00e9e de la d\u00e9cision.<\/li>\n\n\n\n<li>Un proc\u00e8s verbal est \u00e9tabli \u00e0 l&rsquo;issu de la r\u00e9union et est envoy\u00e9 \u00e0 la personne concern\u00e9e et aux repr\u00e9sentants l\u00e9gaux<\/li>\n\n\n\n<li>La d\u00e9cision de la commission est sans appel pour la personne sanctionn\u00e9e. Elle seule a le pouvoir de r\u00e9viser sa d\u00e9cision si elle le d\u00e9sire ou sur la demande du pr\u00e9sident ou des vice-pr\u00e9sidents du club.<\/li>\n<\/ul>\n\n\n\n<p>Les diff\u00e9rents documents explicatifs de la commission \u00e9thique sont accessibles sur cette page.<\/p>\n\n\n\n<p>Vous pouvez les imprimer ou les t\u00e9l\u00e9charger<\/p>\n\n\n\n<p><strong>Ces documents sont les points d&rsquo;appui des membres de la commission d&rsquo;\u00e9thique et des \u00e9ducateurs.<\/strong><\/p>\n\n\n\n<figure class=\"wp-block-gallery has-nested-images columns-4 is-cropped wp-block-gallery-1 is-layout-flex wp-block-gallery-is-layout-flex\">\n<figure class=\"wp-block-image size-large\"><a href=\"https:\/\/www.as-ugine.fr\/wp-content\/uploads\/2023\/03\/Politique-ethique-22-02-2023.pdf\" target=\"_blank\" rel=\"noreferrer noopener\"><img loading=\"lazy\" decoding=\"async\" width=\"400\" height=\"400\" data-id=\"1325\" src=\"https:\/\/www.as-ugine.fr\/wp-content\/uploads\/2023\/03\/BallonsEthique.jpg\" alt=\"Politique d'\u00e9thique\" class=\"wp-image-1325\" title=\"Politique d'\u00e9thique\" srcset=\"https:\/\/www.as-ugine.fr\/wp-content\/uploads\/2023\/03\/BallonsEthique.jpg 400w, https:\/\/www.as-ugine.fr\/wp-content\/uploads\/2023\/03\/BallonsEthique-200x200.jpg 200w, https:\/\/www.as-ugine.fr\/wp-content\/uploads\/2023\/03\/BallonsEthique-150x150.jpg 150w, https:\/\/www.as-ugine.fr\/wp-content\/uploads\/2023\/03\/BallonsEthique-60x60.jpg 60w\" sizes=\"auto, (max-width: 400px) 100vw, 400px\" \/><\/a><figcaption class=\"wp-element-caption\"><mark style=\"background-color:rgba(0, 0, 0, 0)\" class=\"has-inline-color has-white-color\"><strong>POLITIQUE D&rsquo;ETHIQUE<\/strong><\/mark><\/figcaption><\/figure>\n\n\n\n<figure class=\"wp-block-image size-large\"><a href=\"https:\/\/www.as-ugine.fr\/wp-content\/uploads\/2023\/10\/Mission-Commision-Ethique-2023.pdf\" target=\"_blank\" rel=\"noreferrer noopener\"><img loading=\"lazy\" decoding=\"async\" width=\"400\" height=\"400\" data-id=\"1324\" src=\"https:\/\/www.as-ugine.fr\/wp-content\/uploads\/2023\/03\/equieDeFootASUgine-1.jpg\" alt=\"Commission d'\u00e9thique\" class=\"wp-image-1324\" title=\"commission d'\u00e9thique\" srcset=\"https:\/\/www.as-ugine.fr\/wp-content\/uploads\/2023\/03\/equieDeFootASUgine-1.jpg 400w, https:\/\/www.as-ugine.fr\/wp-content\/uploads\/2023\/03\/equieDeFootASUgine-1-200x200.jpg 200w, https:\/\/www.as-ugine.fr\/wp-content\/uploads\/2023\/03\/equieDeFootASUgine-1-150x150.jpg 150w, https:\/\/www.as-ugine.fr\/wp-content\/uploads\/2023\/03\/equieDeFootASUgine-1-60x60.jpg 60w\" sizes=\"auto, (max-width: 400px) 100vw, 400px\" \/><\/a><figcaption class=\"wp-element-caption\">MISSION <strong>COMMISSION<\/strong> <strong>ETHIQUE<\/strong><\/figcaption><\/figure>\n\n\n\n<figure class=\"wp-block-image size-large\"><a href=\"https:\/\/www.as-ugine.fr\/wp-content\/uploads\/2023\/03\/Charte-Ethique-22-02-2023.pdf\" target=\"_blank\" rel=\"noreferrer noopener\"><img loading=\"lazy\" decoding=\"async\" width=\"400\" height=\"400\" data-id=\"1326\" src=\"https:\/\/www.as-ugine.fr\/wp-content\/uploads\/2023\/03\/charte-ethique.jpg\" alt=\"Charte \u00e9thique\" class=\"wp-image-1326\" title=\"Charte \u00e9thique\" srcset=\"https:\/\/www.as-ugine.fr\/wp-content\/uploads\/2023\/03\/charte-ethique.jpg 400w, https:\/\/www.as-ugine.fr\/wp-content\/uploads\/2023\/03\/charte-ethique-200x200.jpg 200w, https:\/\/www.as-ugine.fr\/wp-content\/uploads\/2023\/03\/charte-ethique-150x150.jpg 150w, https:\/\/www.as-ugine.fr\/wp-content\/uploads\/2023\/03\/charte-ethique-60x60.jpg 60w\" sizes=\"auto, (max-width: 400px) 100vw, 400px\" \/><\/a><figcaption class=\"wp-element-caption\"><strong>CHARTE ETHIQUE<\/strong><\/figcaption><\/figure>\n\n\n\n<figure class=\"wp-block-image size-large\"><a href=\"https:\/\/www.as-ugine.fr\/wp-content\/uploads\/2023\/03\/Liste-Sanctions-22-02-2023.pdf\" target=\"_blank\" rel=\"noreferrer noopener\"><img loading=\"lazy\" decoding=\"async\" width=\"400\" height=\"400\" data-id=\"1323\" src=\"https:\/\/www.as-ugine.fr\/wp-content\/uploads\/2023\/03\/parentsReferentsEthique.jpg\" alt=\"Listes des sanctions\" class=\"wp-image-1323\" title=\"Listes des sanctions\" srcset=\"https:\/\/www.as-ugine.fr\/wp-content\/uploads\/2023\/03\/parentsReferentsEthique.jpg 400w, https:\/\/www.as-ugine.fr\/wp-content\/uploads\/2023\/03\/parentsReferentsEthique-200x200.jpg 200w, https:\/\/www.as-ugine.fr\/wp-content\/uploads\/2023\/03\/parentsReferentsEthique-150x150.jpg 150w, https:\/\/www.as-ugine.fr\/wp-content\/uploads\/2023\/03\/parentsReferentsEthique-60x60.jpg 60w\" sizes=\"auto, (max-width: 400px) 100vw, 400px\" \/><\/a><figcaption class=\"wp-element-caption\"><strong>LISTES DES SANCTIONS<\/strong><\/figcaption><\/figure>\n<\/figure>\n","protected":false},"excerpt":{"rendered":"<p>1- Missions 2- Objectifs 3- Composition R\u00e9f\u00e9rents aupr\u00e8s du comit\u00e9 d&rsquo;administration: 4- Fonctionnement de la commission pour les sanction La commission \u00e9thique a pour r\u00f4le &hellip; <\/p>\n","protected":false},"author":5,"featured_media":0,"parent":0,"menu_order":0,"comment_status":"closed","ping_status":"closed","template":"","meta":{"footnotes":""},"categories":[],"tags":[],"class_list":["post-1307","page","type-page","status-publish","hentry","latest_post"],"_links":{"self":[{"href":"https:\/\/www.as-ugine.fr\/index.php\/wp-json\/wp\/v2\/pages\/1307","targetHints":{"allow":["GET"]}}],"collection":[{"href":"https:\/\/www.as-ugine.fr\/index.php\/wp-json\/wp\/v2\/pages"}],"about":[{"href":"https:\/\/www.as-ugine.fr\/index.php\/wp-json\/wp\/v2\/types\/page"}],"author":[{"embeddable":true,"href":"https:\/\/www.as-ugine.fr\/index.php\/wp-json\/wp\/v2\/users\/5"}],"replies":[{"embeddable":true,"href":"https:\/\/www.as-ugine.fr\/index.php\/wp-json\/wp\/v2\/comments?post=1307"}],"version-history":[{"count":19,"href":"https:\/\/www.as-ugine.fr\/index.php\/wp-json\/wp\/v2\/pages\/1307\/revisions"}],"predecessor-version":[{"id":1746,"href":"https:\/\/www.as-ugine.fr\/index.php\/wp-json\/wp\/v2\/pages\/1307\/revisions\/1746"}],"wp:attachment":[{"href":"https:\/\/www.as-ugine.fr\/index.php\/wp-json\/wp\/v2\/media?parent=1307"}],"wp:term":[{"taxonomy":"category","embeddable":true,"href":"https:\/\/www.as-ugine.fr\/index.php\/wp-json\/wp\/v2\/categories?post=1307"},{"taxonomy":"post_tag","embeddable":true,"href":"https:\/\/www.as-ugine.fr\/index.php\/wp-json\/wp\/v2\/tags?post=1307"}],"curies":[{"name":"wp","href":"https:\/\/api.w.org\/{rel}","templated":true}]}}