{"id":1218,"date":"2023-03-11T15:21:36","date_gmt":"2023-03-11T14:21:36","guid":{"rendered":"https:\/\/www.as-ugine.fr\/?page_id=1218"},"modified":"2024-02-27T19:32:19","modified_gmt":"2024-02-27T18:32:19","slug":"mentions-legales","status":"publish","type":"page","link":"https:\/\/www.as-ugine.fr\/index.php\/mentions-legales\/","title":{"rendered":"Mentions l\u00e9gales"},"content":{"rendered":"\n<p>Accueil\u00a0\/\u00a0Mentions l\u00e9gales<\/p>\n\n\n\n<p>Le site web as-ugine.fr est mis \u00e0 la disposition du public par l\u2019association sportive ugine football.<\/p>\n\n\n\n<p>Le Site a pour objet de pr\u00e9senter l\u2019association, ses \u00e9quipes, ses \u00e9ducateurs, ses projets et ses actualit\u00e9s. Il a pour objet aussi d\u2019\u00eatre l\u2019interface d\u2019\u00e9change et de communication entre l\u2019association et ses membres.<\/p>\n\n\n\n<p>Le pr\u00e9sent site est la propri\u00e9t\u00e9 de l\u2019Association Sportive d&rsquo;Ugine Football, 65 place Andr\u00e9 Cerbonney 73400 Ugine, Savoie, France.<\/p>\n\n\n\n<p>\u00a0Mail : <a href=\"mailto:secretariatasufootball@gmail.com\">secretariatasufootball@gmail.com<\/a><\/p>\n\n\n\n<p><strong>AVERTISSEMENT LEGAL<\/strong><\/p>\n\n\n\n<p>Vous disposez d\u2019un droit d\u2019acc\u00e8s, de modification, de rectification et de suppression des donn\u00e9es vous concernant (art. 34 de la loi \u00ab informatique et libert\u00e9s \u00bb du 6 janvier 1978).<\/p>\n\n\n\n<p><strong>AVERTISSEMENT, POLITIQUE DE CONFIDENTIALITE ET AUTRES<\/strong><\/p>\n\n\n\n<p>www.as-ugine.fr, consid\u00e8re les informations personnelles, telles que les noms, pr\u00e9noms, adresses postales et de courrier \u00e9lectronique ou num\u00e9ro de t\u00e9l\u00e9phone, comme des informations \u00e0 caract\u00e8re priv\u00e9 et confidentiel. Par cons\u00e9quent, les informations personnelles que vous nous communiquez sont stock\u00e9es en lieu s\u00fbr, ne sont accessibles que par un personnel d\u00e9sign\u00e9 ou des mandataires autoris\u00e9s, et sont exclusivement utilis\u00e9es pour les besoins de l\u2019association qui ne divulguera aucune information personnelle vous concernant \u00e0 d\u2019autres organisations.<\/p>\n\n\n\n<p><strong>RECUEIL DES INFORMATIONS<\/strong><\/p>\n\n\n\n<p>Lorsque vous visitez le site Web www.as-ugine.fr, vous le faites de mani\u00e8re anonyme. Aucune information personnelle n\u2019est recueillie. Toutefois, dans certaines pages du site, vous pouvez \u00eatre invit\u00e9 \u00e0 nous communiquer volontairement des informations personnelles telles que votre nom, pr\u00e9nom,\u00a0votre adresse de courrier \u00e9lectronique, votre t\u00e9l\u00e9phone etc., aux fins de correspondance et de mise en relation avec notre \u00e9quipe en interne. Ces informations sont collect\u00e9es par nos services au moyen des formulaires de contact que vous remplissez.<\/p>\n\n\n\n<p><strong>UTILISATION DES INFORMATIONS<\/strong><\/p>\n\n\n\n<p>www.as-ugine.fr peut utiliser les informations communiqu\u00e9es par les utilisateurs par exemple pour fournir un service, ou informer les utilisateurs sur de nouveaux programmes, actualit\u00e9s, \u00e9v\u00e9nements ou encore de nouvelles fonctionnalit\u00e9s du site. Toutes les listes utilis\u00e9es sont \u00e9tablies et g\u00e9r\u00e9es dans des conditions rigoureuses, destin\u00e9es \u00e0 garantir la s\u00e9curit\u00e9 et la confidentialit\u00e9 des informations personnelles. Vous pouvez \u00e0 tout moment demander une copie de vos informations personnelles, et demander qu\u2019elles soient corrig\u00e9es ou retir\u00e9es de notre base de donn\u00e9es. Pour toutes demandes, nous vous invitons \u00e0 contacter :<\/p>\n\n\n\n<p>\u00a0<a href=\"mailto:secretariatasufootball@gmail.com\">secretariatasufootball@gmail.com<\/a><\/p>\n\n\n\n<p><strong>DIVULGATION<\/strong><br>Parce que nous consid\u00e9rons les informations individuelles que nous d\u00e9tenons comme confidentielles, la politique de www.as-ugine.fr\u00a0est de ne divulguer aucune information personnelle recueillie en ligne \u00e0 des tiers, sauf si cette divulgation est requise par la loi ou s\u2019inscrit dans le cadre d\u2019une enqu\u00eate ou d\u2019une proc\u00e9dure judiciaire ou administrative. www.as-ugine.fr ne vend, ne loue ni ne transmet aucune information personnelle \u00e0 d\u2019autres organisations.<\/p>\n\n\n\n<p><strong>AUTRES SITES WEB<\/strong><\/p>\n\n\n\n<p>Le site www.as-ugine.fr peut contenir des liens vers d\u2019autres sites. Nous nous effor\u00e7ons \u00e0 cet \u00e9gard d\u2019\u00e9tablir des liens uniquement vers des sites qui partagent notre niveau d\u2019exigence en mati\u00e8re de respect de la confidentialit\u00e9. Toutefois, nous ne sommes pas responsables du contenu des autres sites ni de leurs pratiques en mati\u00e8re d\u2019informations personnelles.<\/p>\n\n\n\n<p><strong>COPYRIGHT<\/strong><br>Tous les textes, images, \u00e9l\u00e9ments graphiques, fichiers son, fichiers d\u2019animation, fichiers vid\u00e9o et leur disposition sur le site www.as-ugine.fr ne peuvent pas \u00eatre copi\u00e9s \u00e0 des fins commerciales ou de diffusion, ni \u00eatre modifi\u00e9s ou utilis\u00e9s sur d\u2019autres sites.<\/p>\n","protected":false},"excerpt":{"rendered":"<p>Accueil\u00a0\/\u00a0Mentions l\u00e9gales Le site web as-ugine.fr est mis \u00e0 la disposition du public par l\u2019association sportive ugine football. Le Site a pour objet de pr\u00e9senter &hellip; <\/p>\n","protected":false},"author":3,"featured_media":0,"parent":0,"menu_order":0,"comment_status":"closed","ping_status":"closed","template":"","meta":{"footnotes":""},"categories":[],"tags":[],"class_list":["post-1218","page","type-page","status-publish","hentry","latest_post"],"_links":{"self":[{"href":"https:\/\/www.as-ugine.fr\/index.php\/wp-json\/wp\/v2\/pages\/1218","targetHints":{"allow":["GET"]}}],"collection":[{"href":"https:\/\/www.as-ugine.fr\/index.php\/wp-json\/wp\/v2\/pages"}],"about":[{"href":"https:\/\/www.as-ugine.fr\/index.php\/wp-json\/wp\/v2\/types\/page"}],"author":[{"embeddable":true,"href":"https:\/\/www.as-ugine.fr\/index.php\/wp-json\/wp\/v2\/users\/3"}],"replies":[{"embeddable":true,"href":"https:\/\/www.as-ugine.fr\/index.php\/wp-json\/wp\/v2\/comments?post=1218"}],"version-history":[{"count":5,"href":"https:\/\/www.as-ugine.fr\/index.php\/wp-json\/wp\/v2\/pages\/1218\/revisions"}],"predecessor-version":[{"id":1924,"href":"https:\/\/www.as-ugine.fr\/index.php\/wp-json\/wp\/v2\/pages\/1218\/revisions\/1924"}],"wp:attachment":[{"href":"https:\/\/www.as-ugine.fr\/index.php\/wp-json\/wp\/v2\/media?parent=1218"}],"wp:term":[{"taxonomy":"category","embeddable":true,"href":"https:\/\/www.as-ugine.fr\/index.php\/wp-json\/wp\/v2\/categories?post=1218"},{"taxonomy":"post_tag","embeddable":true,"href":"https:\/\/www.as-ugine.fr\/index.php\/wp-json\/wp\/v2\/tags?post=1218"}],"curies":[{"name":"wp","href":"https:\/\/api.w.org\/{rel}","templated":true}]}}